{"id":302,"date":"2024-12-23T09:50:48","date_gmt":"2024-12-23T08:50:48","guid":{"rendered":"https:\/\/primorski-tp.si\/ecoc-network\/o-projektu\/"},"modified":"2025-01-06T10:23:44","modified_gmt":"2025-01-06T09:23:44","slug":"il-progetto","status":"publish","type":"page","link":"https:\/\/primorski-tp.si\/ecoc-network\/it\/il-progetto\/","title":{"rendered":"Il progetto"},"content":{"rendered":"\n<p><strong><strong>Il progetto ECoCNetwork \u2013 presentazione<\/strong><\/strong><\/p>\n\n\n\n<p>Il documento \u00e8 destinato ai partecipanti al progetto ECoCNetwork, sia ai partner ufficiali del progetto sia, in particolare, ai partner invitati che sono stati identificati come gruppi target del progetto e tra i quali si svolgeranno importanti attivit\u00e0. Si tratta di rappresentanti delle istituzioni di sostegno alle imprese, delle Capitali europee della cultura e dei giovani. Lo scopo del documento \u00e8 quello di presentare il contenuto del progetto, le principali attivit\u00e0 legate a CEC2025 Nova Gorica-Gorizia e il processo di attuazione del progetto. Pu\u00f2 anche servire come informazione di base sul progetto ECoCNetwork, che mira a scambiare le best practices di cooperazione tra le diverse parti interessate (i gruppi target sopra menzionati) al fine di coinvolgere un&#8217;ampia gamma di soggetti nell&#8217;attuazione del programma, per renderlo il pi\u00f9 efficiente e inclusivo possibile, e per aumentare il profilo del progetto e dei programmi di attuazione delle Capitali europee della cultura.<\/p>\n\n\n\n<p>Il progetto si basa su una collaborazione intensa tra un&#8217;istituzione slovena e un&#8217;istituzione italiana, il Primorski tehnolo\u0161ki park (PTP) e l&#8217;Unione Regionale Economica Slovena (SDGZ-URES), con il coinvolgimento di organizzazioni di supporto alle imprese, rappresentanti delle Capitali Europee della Cultura (CEC) 2024-2027 e giovani. Anche le istituzioni della minoranza slovena in Italia partecipano alle attivit\u00e0, rappresentando un valore aggiunto per il progetto.<\/p>\n\n\n\n<p>Nell&#8217;ambito del progetto, i partner sloveni e italiani creeranno una rete di istituzioni di supporto alle imprese, rappresentanti delle CEC e giovani partecipanti. Ci\u00f2 fornir\u00e0 una serie di opportunit\u00e0 per promuovere CEC 2025 Nova Gorica-Gorizia, per imparare da altre CEC, per scambiare le migliori pratiche e per rendere disponibili le raccomandazioni a un pubblico pi\u00f9 ampio. Verr\u00e0 inoltre organizzato un hackathon che riunir\u00e0 i partecipanti di otto Paesi per affrontare insieme sfide concrete, compresa una tavola rotonda con la partecipazione di autorit\u00e0 decisionali, istituzioni di sostegno alle imprese, rappresentanti delle CEC e giovani, in cui verranno presentati anche i risultati delle discussioni e dell&#8217;hackathon. Sar\u00e0 messo a disposizione delle nuove CEC e delle istituzioni interessate a riunire le diverse istituzioni e i giovani un catalogo con le raccomandazioni per una buona cooperazione tra le diverse istituzioni per una Capitale europea della cultura dinamica.<\/p>\n\n\n\n<p><strong>Partner ufficiali del progetto e supporto CEC2025 Nova Gorica-Gorizia<\/strong><\/p>\n\n\n\n<p>Il Primorski tehnolo\u0161ki park-PTP e l\u2019Unione Regionale Economica Slovena-SDGZ collaborano nell&#8217;ambito del Fondo per Piccoli Progetti GO! 2025-SPF, uno strumento finanziato dal programma Interreg Italia-Slovenia e gestito dal GECT GO (Gruppo Europeo di Cooperazione Territoriale), il cui obiettivo principale \u00e8 preparare l&#8217;area transfrontaliera per la Capitale Europea della Cultura Nova Gorica-Gorizia 2025. Il FSP \u00e8 destinato a progetti di basso valore, aperti a imprese, associazioni, comuni e altri potenziali partner nell&#8217;area transfrontaliera tra Slovenia e Italia, con un breve periodo di attuazione e in cui i partner sono (solo) dell&#8217;area di confine. In questo progetto, ECoCNetwork, il Parco Tecnologico Primorska \u00e8 il capofila e la SDGZ-URES italiana \u00e8 il partner di progetto.<\/p>\n\n\n\n<p>Il progetto ECoCNetwork affronta le sfide legate alla mancanza di cooperazione tra le diverse istituzioni dell&#8217;area di confine, che saranno riunite nel progetto per creare sinergie al fine di acquisire conoscenze, scambiare le migliori pratiche di cooperazione e integrazione di approcci creativi tra i settori per ottenere risultati innovativi e creativi. Il progetto CEC2025 \u00e8 un&#8217;opportunit\u00e0 e una necessit\u00e0 per riunire partner dell&#8217;area di confine e di altri Paesi. Le lezioni apprese saranno condivise a livello locale, transfrontaliero e internazionale.<\/p>\n\n\n\n<p>Il compito centrale di entrambi i partner transfrontalieri \u00e8 quello di lavorare con la comunit\u00e0 imprenditoriale, le istituzioni educative, le autorit\u00e0 decisionali, i giovani, le ONG e altri soggetti. Il progetto prevede lo scambio di best practices e metodi di lavoro e la messa in contatto degli imprenditori a livello transfrontaliero. Insieme prepareranno e realizzeranno le attivit\u00e0 dei due work packages, sia per quanto riguarda la creazione della rete di partner, sia per quanto riguarda i workshop e l&#8217;evento. Il progetto coinvolger\u00e0 anche partner di altri Paesi che hanno l\u2019esperienza, ma soprattutto impareranno e avranno l&#8217;opportunit\u00e0 di conoscere le capitali della cultura di altri Paesi. Ci sar\u00e0 uno scambio di conoscenze ed esperienze tra i partner, una crescita e uno sviluppo comune, di cui beneficeranno l&#8217;area transfrontaliera e i suoi abitanti, cos\u00ec come le seguenti regioni CEC.<\/p>\n\n\n\n<p><strong>Obiettivo principale e attivit\u00e0 principali del progetto<\/strong><\/p>\n\n\n\n\n\n<p>Il progetto ECoCNetwork contribuir\u00e0 a una maggiore coesione e inclusivit\u00e0 nelle Capitali europee della cultura sfruttando le opportunit\u00e0 di lavoro con le organizzazioni di sostegno alle imprese, le imprese verdi, digitali e creative e i giovani (sfida: una CEC pi\u00f9 coesa e inclusiva). Contribuir\u00e0 a migliorare i legami tra gli operatori economici, le istituzioni educative e i giovani (sfida: legami deboli tra le istituzioni educative, il mercato del lavoro e i giovani) e a sensibilizzare sull&#8217;importanza dell&#8217;innovazione, della cultura e della creativit\u00e0 (sfida: sensibilizzazione all&#8217;economia culturale come motore economico). Il progetto utilizzer\u00e0 le best practices e le idee comuni delle Capitali europee della cultura esistenti per creare una regione dinamica e orientata al futuro, con la collaborazione di partecipanti provenienti da 8 Paesi europei, che avr\u00e0 anche un impatto sullo sfruttamento dei vantaggi turistici, gastronomici e di altro tipo dell&#8217;area di confine (sfida: aumentare l&#8217;attrattiva dell&#8217;area di confine).<\/p>\n\n\n\n<p>L&#8217;ECoCNetwork si occuper\u00e0 specificamente dell&#8217;importanza di un dialogo globale con il settore imprenditoriale e contribuir\u00e0 a creare una citt\u00e0 pi\u00f9 innovativa con una mentalit\u00e0 imprenditoriale. Le attivit\u00e0 del progetto aumenteranno il profilo di CEC2025, che ha ambizioni a lungo termine proprio grazie al coinvolgimento di partner di altre Capitali europee della cultura.<\/p>\n\n\n\n<p>L&#8217;idea principale del progetto ECoCNetwork \u00e8 quella di riunire le diverse esperienze e i piani delle diverse CEC 2024-2027 per imparare l&#8217;uno dall&#8217;altro, per incontrarsi e per formulare raccomandazioni per le citt\u00e0 future, per essere aperti e imparare dal passato.<\/p>\n\n\n\n<p>1. Nella prima fase del progetto \u00e8 pianificata la <strong>creazione della rete<\/strong>. Nella seconda fase si terranno <strong>3 eventi online<\/strong>:<\/p>\n\n\n\n<p>Nel <strong>primo incontro online<\/strong>, i partecipanti si scambieranno esperienze su come gli imprenditori potrebbero\/dovrebbero essere coinvolti nella CEC e perch\u00e9. Vorremmo sapere come le precedenti citt\u00e0 CEC si sono impegnate con gli imprenditori di tutti i tipi, con quali imprese hanno lavorato e perch\u00e9.<\/p>\n\n\n\n<p>Nel <strong>secondo incontro<\/strong> i partecipanti condivideranno informazioni su come la CEC pu\u00f2\/deve coinvolgere i giovani nelle sue attivit\u00e0 e nei suoi programmi.<\/p>\n\n\n\n<p>Nel<strong> terzo incontro<\/strong> si discuteranno le conclusioni e verr\u00e0 prodotto un documento con le best practices di cooperazione. Un elenco di buone pratiche per coinvolgere diverse istituzioni, in particolare la comunit\u00e0 imprenditoriale e i giovani, nell&#8217;attuazione dei programmi della CEC, con particolare attenzione al collegamento tra gli operatori economici e il settore creativo.<\/p>\n\n\n\n<p>Gli incontri saranno moderati da un facilitatore e le domande saranno preparate in anticipo, in modo che le presentazioni e lo scambio di informazioni siano mirati e le pratiche siano presentate utilizzando alcune linee guida.<\/p>\n\n\n\n<p>2. Il <strong>documento di buone pratiche<\/strong> sar\u00e0 utile alle istituzioni, agli uffici CEC, alle imprese e ai giovani negli anni a venire. Poich\u00e9 le istituzioni CEC continueranno a lavorare insieme anche dopo l&#8217;evento CEC2025, ci\u00f2 garantir\u00e0 la visibilit\u00e0 a lungo termine di CEC2025 e delle attivit\u00e0 legate a questo documento.<\/p>\n\n\n\n<p>3. Nel mese di ottobre 2025, i partecipanti saranno invitati a <strong>un evento a Nova Gorica<\/strong>; saranno organizzati un workshop o un hackathon, una tavola rotonda con le autorit\u00e0 decisionali e una conferenza stampa. Il progetto coprir\u00e0 i costi di viaggio e alloggio per 2-3 invitati provenienti dalle citt\u00e0 CEC 2024-2027.<\/p>\n\n\n\n<p>L&#8217;evento di networking o l\u2019hackathon, riunir\u00e0 partecipanti da 8 Paesi per affrontare la sfida di come collegare l&#8217;economia con il settore creativo e di come coinvolgere al meglio i giovani nelle attivit\u00e0 CEC. L&#8217;evento contribuir\u00e0 alla diversit\u00e0 dell&#8217;offerta del programma CEC2025 e dar\u00e0 ai partecipanti l&#8217;opportunit\u00e0 di conoscere la regione di confine e di riportare le loro impressioni e intuizioni nelle rispettive capitali. Sar\u00e0 organizzata una tavola rotonda con varie parti interessate, comprese le autorit\u00e0 decisionali, poich\u00e9 \u00e8 importante integrare le conoscenze e le esperienze in documenti e soluzioni sistemiche. Sar\u00e0 organizzata una conferenza stampa per diffondere informazioni su CEC2025, sull&#8217;evento e sulle lezioni apprese in Slovenia e in Italia, oltre che nei Paesi dei partecipanti.<\/p>\n\n\n\n<p>4. Sar\u00e0 sviluppata una serie di raccomandazioni per coinvolgere le PMI e i giovani nelle attivit\u00e0 delle CEC, al fine di renderle innovative e dinamiche. Le raccomandazioni saranno messe a disposizione di tutti gli organizzatori di grandi eventi interessati, in particolare delle future Capitali europee della cultura, e potranno essere ulteriormente sviluppate nei prossimi anni.<\/p>\n\n\n\n<p><strong>Partecipanti e gruppi target<\/strong><\/p>\n\n\n\n\n\n<p>Il progetto ECoCNetwork mira a collegare le istituzioni della Capitale Europea della Cultura (organizzazioni di supporto alle imprese, partner CEC tra il 2024 e il 2027 e giovani partecipanti) e a sensibilizzare l&#8217;opinione pubblica sull&#8217;importanza di combinare competenze diverse nel perseguimento dell&#8217;innovazione e della creativit\u00e0. Riunendo i partecipanti di otto Paesi europei &#8211; Bad Ischl, Austria; Tartu, Estonia; Bod\u00f8, Norvegia; Chemnitz, Germania; Nova Gorica, Slovenia; Oulu, Finlandia; Evora, Portogallo (parteciper\u00e0 anche la CEC Matera Basilicata) &#8211; ci proponiamo di conoscere le migliori pratiche e le idee comuni delle CEC esistenti e di creare una regione dinamica e proiettata verso il futuro. Il progetto ECoCNetwork affronta in modo specifico l&#8217;importanza di un dialogo approfondito con il settore delle imprese e contribuisce a creare una citt\u00e0 pi\u00f9 innovativa con una mentalit\u00e0 imprenditoriale, poich\u00e9 riteniamo che l&#8217;opportunit\u00e0 di ospitare una Capitale europea della cultura sia molto pi\u00f9 di una promozione culturale e creativa, ma anche una collaborazione con le imprese.<\/p>\n\n\n\n<p><strong>Tempistica del progetto<\/strong><img loading=\"lazy\" decoding=\"async\" width=\"354\" height=\"199\" src=\"\"><\/p>\n\n\n\n<p>Trattandosi di un progetto molto piccolo, anche il diagramma di Gantt \u00e8 semplice:<\/p>\n\n\n\n<ul class=\"wp-block-list\">\n<li>Entro settembre 2024 avremo stabilito il partenariato e tutte le fasi successive, compreso il questionario;<\/li>\n\n\n\n<li>Da ottobre 2024 a marzo 2025 si terranno tre incontri online per scambiare conoscenze e buone pratiche; i partner di altre Capitali europee della cultura 19-27 sono invitati a partecipare attivamente per imparare gli uni dagli altri;<\/li>\n\n\n\n<li>Da aprile 2025 a settembre 2025 svilupperemo i documenti e prepareremo i contenuti e la logistica per il prossimo evento;<\/li>\n\n\n\n<li>Nell&#8217;ottobre 2025, inviteremo i rappresentanti delle Capitali europee della cultura a un evento a Nova Gorica (fino a 3 persone) e concluderemo il progetto formulando raccomandazioni che potrebbero essere utili per le future CEC.<\/li>\n<\/ul>\n\n\n\n<p>La partecipazione dei partner di ECoCNetwork \u00e8 prevista e gradita per il punto 2 (incontro online con scambio di conoscenze) e il punto 4 (partecipazione a un evento in loco a Nova Gorica, Slovenia).<\/p>\n\n\n\n<p><strong>Conclusione<\/strong><\/p>\n\n\n\n<p>La Capitale europea della cultura non \u00e8 solo una celebrazione dell&#8217;arte, della storia e del patrimonio, ma anche una piattaforma per la crescita economica, la coesione sociale e l&#8217;innovazione. Nell&#8217;odierno mondo connesso, le imprese svolgono un ruolo fondamentale nel plasmare e sostenere il paesaggio culturale di una citt\u00e0 o di una regione. Le imprese hanno molto da guadagnare dalla partecipazione attiva e dal sostegno all&#8217;iniziativa della Capitale europea della cultura.<\/p>\n\n\n\n<p>Questo ci offre una grande opportunit\u00e0 per condividere le migliori pratiche, imparare gli uni dagli altri e dare un nuovo imput alle future Capitali europee che possono beneficiare dei risultati del progetto ECoCNetwork.<\/p>\n","protected":false},"excerpt":{"rendered":"<p>Il progetto ECoCNetwork \u2013 presentazione Il documento \u00e8 destinato ai partecipanti al progetto ECoCNetwork, sia ai partner ufficiali del progetto sia, in particolare, ai partner invitati che sono stati identificati come gruppi target del progetto e tra i quali si svolgeranno importanti attivit\u00e0. Si tratta di rappresentanti delle istituzioni di sostegno alle imprese, delle Capitali [&hellip;]<\/p>\n","protected":false},"author":1,"featured_media":0,"parent":0,"menu_order":0,"comment_status":"closed","ping_status":"closed","template":"","meta":{"_acf_changed":false,"footnotes":""},"class_list":["post-302","page","type-page","status-publish","hentry"],"acf":[],"_links":{"self":[{"href":"https:\/\/primorski-tp.si\/ecoc-network\/it\/wp-json\/wp\/v2\/pages\/302","targetHints":{"allow":["GET"]}}],"collection":[{"href":"https:\/\/primorski-tp.si\/ecoc-network\/it\/wp-json\/wp\/v2\/pages"}],"about":[{"href":"https:\/\/primorski-tp.si\/ecoc-network\/it\/wp-json\/wp\/v2\/types\/page"}],"author":[{"embeddable":true,"href":"https:\/\/primorski-tp.si\/ecoc-network\/it\/wp-json\/wp\/v2\/users\/1"}],"replies":[{"embeddable":true,"href":"https:\/\/primorski-tp.si\/ecoc-network\/it\/wp-json\/wp\/v2\/comments?post=302"}],"version-history":[{"count":4,"href":"https:\/\/primorski-tp.si\/ecoc-network\/it\/wp-json\/wp\/v2\/pages\/302\/revisions"}],"predecessor-version":[{"id":327,"href":"https:\/\/primorski-tp.si\/ecoc-network\/it\/wp-json\/wp\/v2\/pages\/302\/revisions\/327"}],"wp:attachment":[{"href":"https:\/\/primorski-tp.si\/ecoc-network\/it\/wp-json\/wp\/v2\/media?parent=302"}],"curies":[{"name":"wp","href":"https:\/\/api.w.org\/{rel}","templated":true}]}}