{"id":261,"date":"2024-12-23T09:50:48","date_gmt":"2024-12-23T08:50:48","guid":{"rendered":"https:\/\/primorski-tp.si\/ecoc-network\/?page_id=261"},"modified":"2025-01-06T10:24:07","modified_gmt":"2025-01-06T09:24:07","slug":"o-projektu","status":"publish","type":"page","link":"https:\/\/primorski-tp.si\/ecoc-network\/o-projektu\/","title":{"rendered":"O projektu"},"content":{"rendered":"\n<p><strong>Projekt ECoCNetwork \u2013 predstavitev<\/strong><\/p>\n\n\n\n<p>Dokument je pripravljen za sodelujo\u010de v projektu ECoCNetwork, tako uradnim projektnim partnerjem, zlasti pa povabljenim partnerjem, ki so bili opredeljeni kot ciljne skupine projekta in bodo sodelovali v izvajanju aktivnosti projekta. To so predstavniki organizacij za podporo podjetjem, evropskih prestolnic kulture in mladih. Namen dokumenta je predstaviti vsebino projekta, glavne dejavnosti, povezane z ECoC2025 Nova Gorica-Gorica, in na\u010drt izvajanja projekta. Lahko slu\u017ei tudi kot osnovna informacija o projektu ECoCNetwork, katerega cilj je izmenjava dobrih praks sodelovanja med razli\u010dnimi dele\u017eniki (zgoraj omenjenimi ciljnimi skupinami), da bi v izvajanje programa vklju\u010dili \u0161irok krog akterjev, ga naredili \u010dim bolj u\u010dinkovitega in vklju\u010dujo\u010dega ter pove\u010dali prepoznavnost projekta in programov izvajanja Evropske prestolnice kulture.<\/p>\n\n\n\n<p>Projekt temelji na intenzivnem sodelovanju med slovensko in italijansko institucijo, Primorskim tehnolo\u0161kim parkom (PTP) in Slovenskim de\u017eelnim gospodarskim zdru\u017eenjem (SDGZ), pri \u010demer so v vse aktivnosti vklju\u010dene organizacije za podporo podjetjem, predstavniki Evropskih prestolnic kulture 2024-2027 in mladi. V aktivnosti so vklju\u010dene tudi institucije slovenske manj\u0161ine v Italiji, kar je dodana vrednost projekta.<\/p>\n\n\n\n<p>V okviru projekta bosta slovenski in italijanski partner vzpostavila mre\u017eo podpornih organizacij za podjetja, predstavnikov evropskih prestolnic kulture in mladih udele\u017eencev. To bo omogo\u010dilo \u0161tevilne prilo\u017enosti za promocijo EPK 2025 Nova Gorica-Gorica, u\u010denje od drugih EPK, izmenjavo dobrih praks in oblikovanje priporo\u010dil za \u0161ir\u0161o publiko. Organiziran bo tudi hekaton, na katerem bodo udele\u017eenci iz osmih dr\u017eav skupaj re\u0161evali konkretne izzive, vklju\u010dno z okroglo mizo z nosilci odlo\u010danja, organizacijami za podporo podjetjem-BSO, predstavniki EPK in mladimi, na kateri bodo predstavljeni tudi rezultati razprav in hekatona. Evropskim prestolnicam kulture, ki se pripravljajo na izvajanje programa, bo na razpolago katalog s priporo\u010dili za dobro sodelovanje med razli\u010dnimi institucijami za dinami\u010dno Evropsko prestolnico kulture, pa tudi drugim institucijam, ki jih zanima povezovanje razli\u010dnih institucij in mladih.<\/p>\n\n\n\n<p><strong>Uradni projektni partnerji in podpora ECoC2025 Nova Gorica-Gorizia<\/strong><\/p>\n\n\n\n<p>Primorski tehnolo\u0161ki park-PTP in Slovensko de\u017eelno gospodarsko zdru\u017eenje-SDGZ sodelujeta v okviru Sklada za male projekte GO! 2025-SPF, instrumenta, ki ga financira program Interreg Italija-Slovenija, upravlja pa EZTS GO (Evropsko zdru\u017eenje za teritorialno sodelovanje), katerega glavni cilj je priprava \u010dezmejnega obmo\u010dja na Evropsko prestolnico kulture Nova Gorica-Gorica 2025. SPF je namenjen projektom nizke vrednosti, v katerih lahko sodelujejo podjetja, dru\u0161tva, ob\u010dine in drugi potencialni partnerji na \u010dezmejnem obmo\u010dju med Slovenijo in Italijo, ki imajo kratko obdobje izvajanja in pri katerih so partnerji (samo) iz obmejnega obmo\u010dja. V projektu ECoCNetwork je Primorski tehnolo\u0161ki park vodilni partner, italijanski, SDGZ, pa projektni partner.<\/p>\n\n\n\n<p><a>Projekt ECoCNetwork obravnava izzive, povezane s pomanjkanjem sodelovanja med razli\u010dnimi institucijami na obmejnem obmo\u010dju, ki bodo v projektu sodelovale z namenom ustvarjanja sinergij za pridobivanje znanja, izmenjavo dobrih praks sodelovanja in povezovanja ustvarjalnih pristopov med sektorji za doseganje inovativnih in ustvarjalnih rezultatov. Projekt ECoC2025 je prilo\u017enost in potreba za povezovanje partnerjev z obmejnega obmo\u010dja in drugih dr\u017eav. Pridobljene izku\u0161nje se bodo \u0161irile na lokalni, \u010dezmejni in mednarodni ravni.<\/a><\/p>\n\n\n\n<p>Osrednja naloga obeh \u010dezmejnih partnerjev je sodelovanje s poslovno skupnostjo, izobra\u017eevalnimi ustanovami, nosilci odlo\u010danja, mladimi, nevladnimi organizacijami in drugimi. V okviru projekta se bodo izmenjevale dobre prakse in delovne metode ter povezali se bodo podjetniki. Partnerja bosta pripravila in izvedla dejavnosti obeh delovnih paketov, tako glede vzpostavitve partnerske mre\u017ee kot glede delavnic in dogodka. V projekt bodo vklju\u010deni tudi partnerji iz drugih dr\u017eav, ki imajo izku\u0161nje, predvsem pa se bodo u\u010dili in imeli prilo\u017enost spoznati kulturne prestolnice drugih dr\u017eav. Med partnerji bo pri\u0161lo do izmenjave znanja in izku\u0161enj, skupne rasti in razvoja, kar bo koristilo \u010dezmejnemu obmo\u010dju in njegovim prebivalcem, pa tudi naslednjim evropskim prestolnicam kulture.<\/p>\n\n\n\n<p><strong>Glavni cilji in glavne dejavnosti projekta<\/strong><\/p>\n\n\n\n\n\n<p>Projekt ECoCNetwork bo prispeval k ve\u010dji koheziji in vklju\u010denosti v evropskih prestolnicah kulture, da se izkoristijo prilo\u017enosti za sodelovanje med organizacijami za podporo podjetjem, zelenimi, digitalnimi in ustvarjalnimi podjetji ter mladimi (izziv: bolj kohezivna in vklju\u010dujo\u010da EPK). Pomagal bo izbolj\u0161ati povezave med gospodarskimi akterji, izobra\u017eevalnimi ustanovami in mladimi (izziv: \u0161ibke povezave med izobra\u017eevalnimi ustanovami, trgom dela in mladimi) ter pove\u010dati ozave\u0161\u010denost o pomenu inovacij, kulture in ustvarjalnosti (izziv: pove\u010danje ozave\u0161\u010denosti o kulturnem gospodarstvu kot gospodarskem gonilu). Projekt bo zbral in predstavil dobre prakse in skupne zamisli obstoje\u010dih evropskih prestolnic kulture za oblikovanje dinami\u010dne in v prihodnost usmerjene regije z udele\u017eenci iz 8 evropskih dr\u017eav, kar bo imelo u\u010dinek tudi na kori\u0161\u010denje turisti\u010dnih, gastronomskih in drugih prednosti obmejnega obmo\u010dja (izziv: pove\u010danje privla\u010dnosti obmejnega obmo\u010dja).<\/p>\n\n\n\n<p><a>Mre\u017ea ECoCNetwork bo posebej obravnavala pomen celovitega dialoga s poslovnim sektorjem in prispevala k oblikovanju bolj inovativnega mesta s podjetni\u0161ko miselnostjo. Projektne dejavnosti bodo pove\u010dale prepoznavnost projekta ECoC2025, ki ima dolgoro\u010dne ambicije in vklju\u010duje partnerje iz drugih evropskih prestolnic kulture.<\/a><\/p>\n\n\n\n<p>Glavna ideja projekta ECoCNetwork je povezati razli\u010dne izku\u0161nje in na\u010drte razli\u010dnih EPK 2024-2027, da bi se u\u010dili drug od drugega, se sre\u010dali in oblikovali priporo\u010dila za prihodnja mesta, bili odprti in se u\u010dili iz preteklosti.<\/p>\n\n\n\n<p>1. Po <strong>vzpostavitvi mre\u017ee<\/strong> bodo v drugi fazi potekali <strong>trije spletni dogodki:<\/strong><\/p>\n\n\n\n<p>Na <strong>prvem spletnem sre\u010danju<\/strong> bodo udele\u017eenci izmenjali izku\u0161nje o tem, kako in zakaj bi se podjetniki lahko\/bi morali vklju\u010diti v EPK. Zanima nas, kako so prej\u0161nja mesta EPK sodelovala s podjetniki razli\u010dnih podro\u010dij. S katerimi podjetji so sodelovala in zakaj?<\/p>\n\n\n\n<p>Na <strong>drugem sre\u010danju<\/strong> bodo udele\u017eenci izmenjali informacije o tem, kako lahko\/bi morali v svoje dejavnosti in programe vklju\u010diti mlade;<\/p>\n\n\n\n<p>na <strong>tretjem sre\u010danju<\/strong> pa bodo razpravljali o zaklju\u010dkih in pripravili dokument z dobrimi praksami sodelovanja. Seznam dobrih praks za vklju\u010devanje razli\u010dnih institucij, zlasti poslovne skupnosti in mladih, v izvajanje programov EPK, s poudarkom na povezovanju podjetij in ustvarjalnega sektorja.<\/p>\n\n\n\n<p>Sre\u010danja bo vodil moderator, vpra\u0161anja pa bodo pripravljena vnaprej, tako da bodo predstavitve in izmenjava informacij usklajene, prakse pa predstavljene z uporabo dolo\u010denih smernic.<\/p>\n\n\n\n<p>2. <strong>Dokument o dobrih praksah<\/strong> bo v prihodnjih letih koristil institucijam, uradom EPK, podjetjem in mladim. Ker bodo institucije EPK sodelovale tudi po dogodku EPK2025, bo to zagotovilo dolgoro\u010dno prepoznavnost EPK2025 in dejavnosti, povezanih s tem dokumentom.<\/p>\n\n\n\n<p>3. Oktobra 2025 bodo udele\u017eenci povabljeni na <strong>dogodek v Novo Gorico<\/strong>, kjer bo organizirana delavnica ali hackathon, okrogla miza z odlo\u010devalci in medijska konferenca. Projekt bo pokril potne stro\u0161ke in stro\u0161ke nastanitve za 2-3 povabljene iz mest EPK 2024-2027.<\/p>\n\n\n\n<p>Na mre\u017eenjskem dogodku ali hackathonu bodo sodelovali udele\u017eenci iz 8 dr\u017eav, ki bodo obravnavali izziv, kako povezati gospodarstvo z ustvarjalnim sektorjem in kako najbolje vklju\u010diti mlade v dejavnosti EPK. Dogodek bo prispeval k raznolikosti programske ponudbe EPK2025, udele\u017eenci pa bodo imeli prilo\u017enost spoznati obmejno regijo ter svoje vtise in spoznanja prenesti v svoje prestolnice. Organizirana bo okrogla miza z razli\u010dnimi dele\u017eniki, vklju\u010dno z nosilci odlo\u010danja, saj je pomembno znanje in izku\u0161nje vklju\u010diti v sistemske dokumente in re\u0161itve. Organizirana bo novinarska konferenca, na kateri bodo predstavljene informacije o ECoC2025, tem dogodku in pridobljenih izku\u0161njah v Sloveniji in Italiji ter v dr\u017eavah udele\u017eencev.<\/p>\n\n\n\n<p>4. pripravljen bo <strong>sklop priporo\u010dil<\/strong> za vklju\u010devanje MSP in mladih v dejavnosti EPK, da bi te postale inovativne in dinami\u010dne. Priporo\u010dila bodo na voljo vsem zainteresiranim organizatorjem ve\u010djih dogodkov, zlasti prihodnjih evropskih prestolnic kulture, in jih bo mogo\u010de v prihodnjih letih \u0161e naprej razvijati.<strong><\/strong><\/p>\n\n\n\n<p><strong>Sodelujo\u010di in ciljne skupine<\/strong><\/p>\n\n\n\n\n\n<p>Cilj projekta ECoCNetwork je povezati institucije Evropske prestolnice kulture (organizacije za podporo podjetjem, partnerje EPK 2024 in 2027 in mlade udele\u017eence) ter pove\u010dati ozave\u0161\u010denost o pomenu zdru\u017eevanja razli\u010dnih kompetenc pri iskanju inovacij in ustvarjalnosti. S povezovanjem udele\u017eencev iz osmih evropskih dr\u017eav &#8211; Bad Ischl, Avstrija; Tartu, Estonija; Bod\u00f8, Norve\u0161ka; Chemnitz, Nem\u010dija; Nova Gorica, Slovenija; Oulu, Finska; Evora, Portugalska (sodelovala bo tudi EPK Matera Basilicata) &#8211; \u017eelimo spoznati dobre prakse in skupne ideje obstoje\u010dih EPK ter ustvariti dinami\u010dno in v prihodnost usmerjeno regijo. Projekt ECoCNetwork posebej obravnava pomen poglobljenega dialoga s poslovnim sektorjem in prispeva k oblikovanju bolj inovativnega mesta s podjetni\u0161ko miselnostjo, saj verjamemo, da je prilo\u017enost za gostovanje Evropske prestolnice kulture veliko ve\u010d kot le kulturna in ustvarjalna promocija, temve\u010d tudi sodelovanje s podjetji.<\/p>\n\n\n\n<p><strong>\u010casovni na\u010drt projekta<\/strong><\/p>\n\n\n\n\n\n<p>Ker gre za zelo majhen projekt, je tudi \u010dasovni na\u010drt preprost:<\/p>\n\n\n\n<ul class=\"wp-block-list\">\n<li>Do septembra 2024 bomo vzpostavili partnerstvo in pripravljeni bodo vsi naslednji koraki, vklju\u010dno z vpra\u0161alnikom;<\/li>\n\n\n\n<li>Od oktobra 2024 do marca 2025 bodo potekala tri spletna sre\u010danja, na katerih bo potekala izmenjava znanja in dobrih praks; partnerji iz drugih evropskih prestolnic kulture 19-27 so vabljeni k aktivnemu sodelovanju, da bi se u\u010dili drug od drugega.<\/li>\n\n\n\n<li>Od aprila 2025 do septembra 2025 bomo oblikovali dokumente ter pripravili vsebino in logistiko za dogodek;<\/li>\n\n\n\n<li>Oktobra 2025 bomo povabili predstavnike evropskih prestolnic kulture na dogodek v Novo Gorico (do 3 osebe) in zaklju\u010dili projekt s pripravo priporo\u010dil, ki bodo na voljo prihodnjim EPK.<\/li>\n<\/ul>\n\n\n\n<p>Sodelovanje partnerjev mre\u017ee EPK je na\u010drtovano in dobrodo\u0161lo pri to\u010dki 2 (spletna sre\u010danja z izmenjavo znanj in izku\u0161enj) in to\u010dki 4 (udele\u017eba na dogodku v Novi Gorici v Sloveniji).<\/p>\n\n\n\n<p><strong>Zaklju\u010dek<\/strong><\/p>\n\n\n\n<p>Evropska prestolnica kulture ni le praznik umetnosti, zgodovine in dedi\u0161\u010dine, temve\u010d tudi platforma za gospodarsko rast, socialno kohezijo in inovacije. V dana\u0161njem povezanem svetu imajo podjetja klju\u010dno vlogo pri oblikovanju in ohranjanju kulturne krajine mesta ali regije. Podjetja lahko veliko pridobijo z dejavnim sodelovanjem in podpiranjem pobude Evropska prestolnica kulture.<\/p>\n\n\n\n<p>To je odli\u010dna prilo\u017enost za izmenjavo dobrih praks, medsebojno u\u010denje in nov zagon za prihodnje evropske prestolnice, ki lahko izkoristijo rezultate projekta ECoCNetwork.<\/p>\n","protected":false},"excerpt":{"rendered":"<p>Projekt ECoCNetwork \u2013 predstavitev Dokument je pripravljen za sodelujo\u010de v projektu ECoCNetwork, tako uradnim projektnim partnerjem, zlasti pa povabljenim partnerjem, ki so bili opredeljeni kot ciljne skupine projekta in bodo sodelovali v izvajanju aktivnosti projekta. To so predstavniki organizacij za podporo podjetjem, evropskih prestolnic kulture in mladih. Namen dokumenta je predstaviti vsebino projekta, glavne dejavnosti, [&hellip;]<\/p>\n","protected":false},"author":1,"featured_media":0,"parent":0,"menu_order":0,"comment_status":"closed","ping_status":"closed","template":"","meta":{"_acf_changed":false,"footnotes":""},"class_list":["post-261","page","type-page","status-publish","hentry"],"acf":[],"_links":{"self":[{"href":"https:\/\/primorski-tp.si\/ecoc-network\/wp-json\/wp\/v2\/pages\/261","targetHints":{"allow":["GET"]}}],"collection":[{"href":"https:\/\/primorski-tp.si\/ecoc-network\/wp-json\/wp\/v2\/pages"}],"about":[{"href":"https:\/\/primorski-tp.si\/ecoc-network\/wp-json\/wp\/v2\/types\/page"}],"author":[{"embeddable":true,"href":"https:\/\/primorski-tp.si\/ecoc-network\/wp-json\/wp\/v2\/users\/1"}],"replies":[{"embeddable":true,"href":"https:\/\/primorski-tp.si\/ecoc-network\/wp-json\/wp\/v2\/comments?post=261"}],"version-history":[{"count":4,"href":"https:\/\/primorski-tp.si\/ecoc-network\/wp-json\/wp\/v2\/pages\/261\/revisions"}],"predecessor-version":[{"id":328,"href":"https:\/\/primorski-tp.si\/ecoc-network\/wp-json\/wp\/v2\/pages\/261\/revisions\/328"}],"wp:attachment":[{"href":"https:\/\/primorski-tp.si\/ecoc-network\/wp-json\/wp\/v2\/media?parent=261"}],"curies":[{"name":"wp","href":"https:\/\/api.w.org\/{rel}","templated":true}]}}